{"id":4081,"date":"2026-02-14T18:04:58","date_gmt":"2026-02-14T18:04:58","guid":{"rendered":"https:\/\/milo-apartments.com\/?page_id=4081"},"modified":"2026-02-14T18:07:31","modified_gmt":"2026-02-14T18:07:31","slug":"elementor-4081","status":"publish","type":"page","link":"https:\/\/milo-apartments.com\/index.php\/elementor-4081\/","title":{"rendered":"Wawel &#8211; Zamek Kr\u00f3lewski w Krakowie"},"content":{"rendered":"\t\t<div data-elementor-type=\"wp-page\" data-elementor-id=\"4081\" class=\"elementor elementor-4081\">\n\t\t\t\t<div class=\"elementor-element elementor-element-4e019652 e-flex e-con-boxed e-con e-parent\" data-id=\"4e019652\" data-element_type=\"container\" data-e-type=\"container\">\n\t\t\t\t\t<div class=\"e-con-inner\">\n\t\t\t\t<div class=\"elementor-element elementor-element-433b92f6 elementor-widget elementor-widget-text-editor\" data-id=\"433b92f6\" data-element_type=\"widget\" data-e-type=\"widget\" data-widget_type=\"text-editor.default\">\n\t\t\t\t\t\t\t\t\t<h2 class=\"wp-block-heading\"><span id=\"Wawel_Zamek_Krolewski\">Wawel \u2013 Zamek Kr\u00f3lewski<\/span><\/h2><p>Zamek Kr\u00f3lewski na Wawelu w Krakowie to zamek, kt\u00f3ry\u00a0<strong>zosta\u0142 zbudowany na prze\u0142omie XI i XII wieku.<\/strong>\u00a0Przez wiele wiek\u00f3w s\u0142u\u017cy\u0142 jako rezydencja polskich kr\u00f3l\u00f3w, a zarazem by\u0142 symbolem pot\u0119gi i autorytetu. Niezale\u017cnie od tego, czy interesujesz si\u0119 histori\u0105, czy po prostu szukasz wspania\u0142ego widoku, miejsce takie jak Wawel z pewno\u015bci\u0105 zrobi wra\u017cenie.<\/p><p>Dzi\u015b Wawel pozostaje popularn\u0105 atrakcj\u0105 turystyczn\u0105 ze wzgl\u0119du histori\u0119, zwiedzaj\u0105cy mog\u0105 zwiedza\u0107 teren zamku, podziwia\u0107 jego architektur\u0119 i dowiedzie\u0107 si\u0119 wi\u0119cej o kr\u00f3lach, kt\u00f3rzy tam mieszkali. Wawel bez w\u0105tpienia jest jednym z najwa\u017cniejszych zabytk\u00f3w w kraju.<\/p><p>Zamek Kr\u00f3lewski po\u0142o\u017cony jest na wzg\u00f3rzu, dzi\u0119ki czemu z niego mo\u017cna podziwia\u0107 wspania\u0142e widoki na miasto i jego okolice. Miejsce, na kt\u00f3rym po\u0142o\u017cony jest zamek nazwane jest wzg\u00f3rzem wawelskim. Oczywi\u015bcie, by\u0142o tu zanim powsta\u0142 zamek.<\/p><p>Pewne jest jedno: b\u0119d\u0105c w Krakowie zdecydowanie warto odwiedzi\u0107 Wawel.<\/p><figure class=\"wp-block-gallery has-nested-images columns-2 is-cropped wp-block-gallery-6 is-layout-flex wp-block-gallery-is-layout-flex\"><figure class=\"wp-block-image size-large\"><a href=\"https:\/\/wposzukiwaniu.pl\/wp-content\/uploads\/2023\/02\/wawel-6.jpg\" target=\"_self\" data-wpel-link=\"internal\"><img fetchpriority=\"high\" decoding=\"async\" class=\"wp-image-22991 entered litespeed-loaded\" src=\"https:\/\/wposzukiwaniu.pl\/wp-content\/uploads\/2023\/02\/wawel-6.jpg\" sizes=\"(max-width: 1000px) 100vw, 1000px\" srcset=\"https:\/\/wposzukiwaniu.pl\/wp-content\/uploads\/2023\/02\/wawel-6.jpg 1000w, https:\/\/wposzukiwaniu.pl\/wp-content\/uploads\/2023\/02\/wawel-6-768x1152.jpg 768w, https:\/\/wposzukiwaniu.pl\/wp-content\/uploads\/2023\/02\/wawel-6-683x1024.jpg 683w, https:\/\/wposzukiwaniu.pl\/wp-content\/uploads\/2023\/02\/wawel-6-696x1044.jpg 696w\" alt=\"Wawel\" width=\"1000\" height=\"1500\" data-lazyloaded=\"1\" data-id=\"22991\" data-src=\"https:\/\/wposzukiwaniu.pl\/wp-content\/uploads\/2023\/02\/wawel-6.jpg\" data-srcset=\"https:\/\/wposzukiwaniu.pl\/wp-content\/uploads\/2023\/02\/wawel-6.jpg 1000w, https:\/\/wposzukiwaniu.pl\/wp-content\/uploads\/2023\/02\/wawel-6-768x1152.jpg 768w, https:\/\/wposzukiwaniu.pl\/wp-content\/uploads\/2023\/02\/wawel-6-683x1024.jpg 683w, https:\/\/wposzukiwaniu.pl\/wp-content\/uploads\/2023\/02\/wawel-6-696x1044.jpg 696w\" data-sizes=\"(max-width: 1000px) 100vw, 1000px\" data-ll-status=\"loaded\" \/><\/a><\/figure><figure class=\"wp-block-image size-large\"><a href=\"https:\/\/wposzukiwaniu.pl\/wp-content\/uploads\/2023\/02\/wawel-2.jpg\" target=\"_self\" data-wpel-link=\"internal\"><img decoding=\"async\" class=\"wp-image-22993 entered litespeed-loaded\" src=\"https:\/\/wposzukiwaniu.pl\/wp-content\/uploads\/2023\/02\/wawel-2.jpg\" sizes=\"(max-width: 1000px) 100vw, 1000px\" srcset=\"https:\/\/wposzukiwaniu.pl\/wp-content\/uploads\/2023\/02\/wawel-2.jpg 1000w, https:\/\/wposzukiwaniu.pl\/wp-content\/uploads\/2023\/02\/wawel-2-768x1152.jpg 768w, https:\/\/wposzukiwaniu.pl\/wp-content\/uploads\/2023\/02\/wawel-2-683x1024.jpg 683w, https:\/\/wposzukiwaniu.pl\/wp-content\/uploads\/2023\/02\/wawel-2-696x1044.jpg 696w\" alt=\"Wawel\" width=\"1000\" height=\"1500\" data-lazyloaded=\"1\" data-id=\"22993\" data-src=\"https:\/\/wposzukiwaniu.pl\/wp-content\/uploads\/2023\/02\/wawel-2.jpg\" data-srcset=\"https:\/\/wposzukiwaniu.pl\/wp-content\/uploads\/2023\/02\/wawel-2.jpg 1000w, https:\/\/wposzukiwaniu.pl\/wp-content\/uploads\/2023\/02\/wawel-2-768x1152.jpg 768w, https:\/\/wposzukiwaniu.pl\/wp-content\/uploads\/2023\/02\/wawel-2-683x1024.jpg 683w, https:\/\/wposzukiwaniu.pl\/wp-content\/uploads\/2023\/02\/wawel-2-696x1044.jpg 696w\" data-sizes=\"(max-width: 1000px) 100vw, 1000px\" data-ll-status=\"loaded\" \/><\/a><\/figure><figure class=\"wp-block-image size-large\"><a href=\"https:\/\/wposzukiwaniu.pl\/wp-content\/uploads\/2023\/02\/wawel-3.jpg\" target=\"_self\" data-wpel-link=\"internal\"><img decoding=\"async\" class=\"wp-image-22989 entered litespeed-loaded\" src=\"https:\/\/wposzukiwaniu.pl\/wp-content\/uploads\/2023\/02\/wawel-3.jpg\" sizes=\"(max-width: 1000px) 100vw, 1000px\" srcset=\"https:\/\/wposzukiwaniu.pl\/wp-content\/uploads\/2023\/02\/wawel-3.jpg 1000w, https:\/\/wposzukiwaniu.pl\/wp-content\/uploads\/2023\/02\/wawel-3-768x1152.jpg 768w, https:\/\/wposzukiwaniu.pl\/wp-content\/uploads\/2023\/02\/wawel-3-683x1024.jpg 683w, https:\/\/wposzukiwaniu.pl\/wp-content\/uploads\/2023\/02\/wawel-3-696x1044.jpg 696w\" alt=\"Wawel\" width=\"1000\" height=\"1500\" data-lazyloaded=\"1\" data-id=\"22989\" data-src=\"https:\/\/wposzukiwaniu.pl\/wp-content\/uploads\/2023\/02\/wawel-3.jpg\" data-srcset=\"https:\/\/wposzukiwaniu.pl\/wp-content\/uploads\/2023\/02\/wawel-3.jpg 1000w, https:\/\/wposzukiwaniu.pl\/wp-content\/uploads\/2023\/02\/wawel-3-768x1152.jpg 768w, https:\/\/wposzukiwaniu.pl\/wp-content\/uploads\/2023\/02\/wawel-3-683x1024.jpg 683w, https:\/\/wposzukiwaniu.pl\/wp-content\/uploads\/2023\/02\/wawel-3-696x1044.jpg 696w\" data-sizes=\"(max-width: 1000px) 100vw, 1000px\" data-ll-status=\"loaded\" \/><\/a><\/figure><figure class=\"wp-block-image size-large\"><a href=\"https:\/\/wposzukiwaniu.pl\/wp-content\/uploads\/2023\/02\/wawel-5.jpg\" target=\"_self\" data-wpel-link=\"internal\"><img loading=\"lazy\" decoding=\"async\" class=\"wp-image-22990 entered litespeed-loaded\" src=\"https:\/\/wposzukiwaniu.pl\/wp-content\/uploads\/2023\/02\/wawel-5.jpg\" sizes=\"(max-width: 1000px) 100vw, 1000px\" srcset=\"https:\/\/wposzukiwaniu.pl\/wp-content\/uploads\/2023\/02\/wawel-5.jpg 1000w, https:\/\/wposzukiwaniu.pl\/wp-content\/uploads\/2023\/02\/wawel-5-768x1152.jpg 768w, https:\/\/wposzukiwaniu.pl\/wp-content\/uploads\/2023\/02\/wawel-5-683x1024.jpg 683w, https:\/\/wposzukiwaniu.pl\/wp-content\/uploads\/2023\/02\/wawel-5-696x1044.jpg 696w\" alt=\"Wawel\" width=\"1000\" height=\"1500\" data-lazyloaded=\"1\" data-id=\"22990\" data-src=\"https:\/\/wposzukiwaniu.pl\/wp-content\/uploads\/2023\/02\/wawel-5.jpg\" data-srcset=\"https:\/\/wposzukiwaniu.pl\/wp-content\/uploads\/2023\/02\/wawel-5.jpg 1000w, https:\/\/wposzukiwaniu.pl\/wp-content\/uploads\/2023\/02\/wawel-5-768x1152.jpg 768w, https:\/\/wposzukiwaniu.pl\/wp-content\/uploads\/2023\/02\/wawel-5-683x1024.jpg 683w, https:\/\/wposzukiwaniu.pl\/wp-content\/uploads\/2023\/02\/wawel-5-696x1044.jpg 696w\" data-sizes=\"(max-width: 1000px) 100vw, 1000px\" data-ll-status=\"loaded\" \/><\/a><\/figure><figure class=\"wp-block-image size-large\"><a href=\"https:\/\/wposzukiwaniu.pl\/wp-content\/uploads\/2023\/02\/wawel-1.jpg\" target=\"_self\" data-wpel-link=\"internal\"><img loading=\"lazy\" decoding=\"async\" class=\"wp-image-22992 entered litespeed-loaded\" src=\"https:\/\/wposzukiwaniu.pl\/wp-content\/uploads\/2023\/02\/wawel-1.jpg\" sizes=\"(max-width: 1500px) 100vw, 1500px\" srcset=\"https:\/\/wposzukiwaniu.pl\/wp-content\/uploads\/2023\/02\/wawel-1.jpg 1500w, https:\/\/wposzukiwaniu.pl\/wp-content\/uploads\/2023\/02\/wawel-1-768x512.jpg 768w, https:\/\/wposzukiwaniu.pl\/wp-content\/uploads\/2023\/02\/wawel-1-1024x683.jpg 1024w, https:\/\/wposzukiwaniu.pl\/wp-content\/uploads\/2023\/02\/wawel-1-696x464.jpg 696w\" alt=\"Wawel\" width=\"1500\" height=\"1000\" data-lazyloaded=\"1\" data-id=\"22992\" data-src=\"https:\/\/wposzukiwaniu.pl\/wp-content\/uploads\/2023\/02\/wawel-1.jpg\" data-srcset=\"https:\/\/wposzukiwaniu.pl\/wp-content\/uploads\/2023\/02\/wawel-1.jpg 1500w, https:\/\/wposzukiwaniu.pl\/wp-content\/uploads\/2023\/02\/wawel-1-768x512.jpg 768w, https:\/\/wposzukiwaniu.pl\/wp-content\/uploads\/2023\/02\/wawel-1-1024x683.jpg 1024w, https:\/\/wposzukiwaniu.pl\/wp-content\/uploads\/2023\/02\/wawel-1-696x464.jpg 696w\" data-sizes=\"(max-width: 1500px) 100vw, 1500px\" data-ll-status=\"loaded\" \/><\/a><\/figure><\/figure><div class=\"code-block code-block-3\">\u00a0<\/div><h2 class=\"wp-block-heading\"><span id=\"Smok_Wawelski\">Smok Wawelski<\/span><\/h2><p>Smok Wawelski to jedna z najbardziej znanych atrakcji turystycznych w Krakowie, stanowi jeden z najwa\u017cniejszych symboli Krakowa.\u00a0<strong>Obecnie pomnik Smoka Wawelskiego zieje prawdziwym ogniem co 3 minuty (w zale\u017cno\u015bci od terminu, czasami jest to 5 minut).<\/strong>\u00a0Moim zdaniem warto zobaczy\u0107 go na w\u0142asne oczy, aby poczu\u0107 magi\u0119 tej fascynuj\u0105cej, krakowskiej legendy.<\/p><p>Smok pochodzi ze znanej legendy o Smoku Wawelskim. Ten smok by\u0142 naprawd\u0119 gro\u017any i zagra\u017ca\u0142 bezpiecze\u0144stwu miasta. Mieszka\u0144cy Krakowa postanowili stawi\u0107 czo\u0142a Smokowi i znale\u017a\u0107 spos\u00f3b na jego pokonanie. W ko\u0144cu jeden z mieszka\u0144c\u00f3w, o imieniu Krak, uda\u0142 si\u0119 do jaskini i w niezwyk\u0142y spos\u00f3b pokona\u0142 smoka, zapewniaj\u0105c bezpiecze\u0144stwo swojemu miastu.<\/p><p>Nie jestem dobra w opowiadanie legend, dlatego je\u015bli chcecie opowiedzie\u0107 j\u0105 swoim dzieciom, lepiej znajd\u017acie inn\u0105 wersj\u0119. \ud83d\ude0a<\/p><figure class=\"wp-block-gallery has-nested-images columns-default is-cropped wp-block-gallery-7 is-layout-flex wp-block-gallery-is-layout-flex\"><figure class=\"wp-block-image size-large\"><a href=\"https:\/\/wposzukiwaniu.pl\/wp-content\/uploads\/2023\/02\/wawel-7.jpg\" target=\"_self\" data-wpel-link=\"internal\"><img loading=\"lazy\" decoding=\"async\" class=\"wp-image-22994 entered litespeed-loaded\" src=\"https:\/\/wposzukiwaniu.pl\/wp-content\/uploads\/2023\/02\/wawel-7-683x1024.jpg\" sizes=\"(max-width: 683px) 100vw, 683px\" srcset=\"https:\/\/wposzukiwaniu.pl\/wp-content\/uploads\/2023\/02\/wawel-7-683x1024.jpg 683w, https:\/\/wposzukiwaniu.pl\/wp-content\/uploads\/2023\/02\/wawel-7-768x1152.jpg 768w, https:\/\/wposzukiwaniu.pl\/wp-content\/uploads\/2023\/02\/wawel-7-696x1044.jpg 696w, https:\/\/wposzukiwaniu.pl\/wp-content\/uploads\/2023\/02\/wawel-7.jpg 1000w\" alt=\"Smok Wawelski\" width=\"683\" height=\"1024\" data-lazyloaded=\"1\" data-id=\"22994\" data-src=\"https:\/\/wposzukiwaniu.pl\/wp-content\/uploads\/2023\/02\/wawel-7-683x1024.jpg\" data-srcset=\"https:\/\/wposzukiwaniu.pl\/wp-content\/uploads\/2023\/02\/wawel-7-683x1024.jpg 683w, https:\/\/wposzukiwaniu.pl\/wp-content\/uploads\/2023\/02\/wawel-7-768x1152.jpg 768w, https:\/\/wposzukiwaniu.pl\/wp-content\/uploads\/2023\/02\/wawel-7-696x1044.jpg 696w, https:\/\/wposzukiwaniu.pl\/wp-content\/uploads\/2023\/02\/wawel-7.jpg 1000w\" data-sizes=\"(max-width: 683px) 100vw, 683px\" data-ll-status=\"loaded\" \/><\/a><\/figure><\/figure><h2 class=\"wp-block-heading\"><span id=\"Kopiec_Kosciuszki_w_Krakowie\">Kopiec Ko\u015bciuszki w Krakowie<\/span><\/h2><p>Kopiec Ko\u015bciuszki w Krakowie zosta\u0142 wzniesiony w latach 1820-1823 jako pomnik upami\u0119tniaj\u0105cy Tadeusza Ko\u015bciuszk\u0119. Wznoszenie kopca by\u0142o wyrazem narodowej dumy i ch\u0119ci upami\u0119tnienia bohatera. Jest r\u00f3wnie\u017c symbolem szczeg\u00f3lnym, przypomina walk\u0119 o wolno\u015b\u0107 i niepodleg\u0142o\u015b\u0107.<\/p><p>Kopiec Ko\u015bciuszki to r\u00f3wnie\u017c jeden z ciekawych punkt\u00f3w widokowych w Krakowie, by\u0142 rekonstruowany i modernizowany, ale przez 200 lat stanowi niezmienn\u0105 cz\u0119\u015b\u0107 krajobrazu miasta.<\/p><figure class=\"wp-block-gallery has-nested-images columns-default is-cropped wp-block-gallery-8 is-layout-flex wp-block-gallery-is-layout-flex\"><figure class=\"wp-block-image size-large\"><a href=\"https:\/\/wposzukiwaniu.pl\/wp-content\/uploads\/2023\/02\/kopiec-kosciuszki-1.jpg\" target=\"_self\" data-wpel-link=\"internal\"><img loading=\"lazy\" decoding=\"async\" class=\"wp-image-22995 entered litespeed-loaded\" src=\"https:\/\/wposzukiwaniu.pl\/wp-content\/uploads\/2023\/02\/kopiec-kosciuszki-1-1024x683.jpg\" sizes=\"(max-width: 1024px) 100vw, 1024px\" srcset=\"https:\/\/wposzukiwaniu.pl\/wp-content\/uploads\/2023\/02\/kopiec-kosciuszki-1-1024x683.jpg 1024w, https:\/\/wposzukiwaniu.pl\/wp-content\/uploads\/2023\/02\/kopiec-kosciuszki-1-768x512.jpg 768w, https:\/\/wposzukiwaniu.pl\/wp-content\/uploads\/2023\/02\/kopiec-kosciuszki-1-696x464.jpg 696w, https:\/\/wposzukiwaniu.pl\/wp-content\/uploads\/2023\/02\/kopiec-kosciuszki-1.jpg 1500w\" alt=\"Kopiec Ko\u015bciuszki\" width=\"1024\" height=\"683\" data-lazyloaded=\"1\" data-id=\"22995\" data-src=\"https:\/\/wposzukiwaniu.pl\/wp-content\/uploads\/2023\/02\/kopiec-kosciuszki-1-1024x683.jpg\" data-srcset=\"https:\/\/wposzukiwaniu.pl\/wp-content\/uploads\/2023\/02\/kopiec-kosciuszki-1-1024x683.jpg 1024w, https:\/\/wposzukiwaniu.pl\/wp-content\/uploads\/2023\/02\/kopiec-kosciuszki-1-768x512.jpg 768w, https:\/\/wposzukiwaniu.pl\/wp-content\/uploads\/2023\/02\/kopiec-kosciuszki-1-696x464.jpg 696w, https:\/\/wposzukiwaniu.pl\/wp-content\/uploads\/2023\/02\/kopiec-kosciuszki-1.jpg 1500w\" data-sizes=\"(max-width: 1024px) 100vw, 1024px\" data-ll-status=\"loaded\" \/><\/a><\/figure><\/figure><div class=\"code-block code-block-3\">\u00a0<\/div><figure class=\"wp-block-gallery has-nested-images columns-2 is-cropped wp-block-gallery-8 is-layout-flex wp-block-gallery-is-layout-flex\"><\/figure><p><!-- \/wp:paragraph --><\/p>\t\t\t\t\t\t\t\t<\/div>\n\t\t\t\t\t<\/div>\n\t\t\t\t<\/div>\n\t\t\t\t<\/div>\n\t\t","protected":false},"excerpt":{"rendered":"<p>Wawel \u2013 Zamek Kr\u00f3lewski Zamek Kr\u00f3lewski na Wawelu w Krakowie to zamek, kt\u00f3ry\u00a0zosta\u0142 zbudowany na prze\u0142omie XI i XII wieku.\u00a0Przez wiele wiek\u00f3w s\u0142u\u017cy\u0142 jako rezydencja polskich kr\u00f3l\u00f3w, a zarazem by\u0142 symbolem pot\u0119gi i autorytetu. Niezale\u017cnie od tego, czy interesujesz si\u0119 histori\u0105, czy po prostu szukasz wspania\u0142ego widoku, miejsce takie jak Wawel z pewno\u015bci\u0105 zrobi wra\u017cenie. [&hellip;]<\/p>\n","protected":false},"author":1,"featured_media":0,"parent":0,"menu_order":0,"comment_status":"closed","ping_status":"closed","template":"","meta":{"footnotes":""},"class_list":["post-4081","page","type-page","status-publish","hentry"],"_links":{"self":[{"href":"https:\/\/milo-apartments.com\/index.php\/wp-json\/wp\/v2\/pages\/4081","targetHints":{"allow":["GET"]}}],"collection":[{"href":"https:\/\/milo-apartments.com\/index.php\/wp-json\/wp\/v2\/pages"}],"about":[{"href":"https:\/\/milo-apartments.com\/index.php\/wp-json\/wp\/v2\/types\/page"}],"author":[{"embeddable":true,"href":"https:\/\/milo-apartments.com\/index.php\/wp-json\/wp\/v2\/users\/1"}],"replies":[{"embeddable":true,"href":"https:\/\/milo-apartments.com\/index.php\/wp-json\/wp\/v2\/comments?post=4081"}],"version-history":[{"count":5,"href":"https:\/\/milo-apartments.com\/index.php\/wp-json\/wp\/v2\/pages\/4081\/revisions"}],"predecessor-version":[{"id":4086,"href":"https:\/\/milo-apartments.com\/index.php\/wp-json\/wp\/v2\/pages\/4081\/revisions\/4086"}],"wp:attachment":[{"href":"https:\/\/milo-apartments.com\/index.php\/wp-json\/wp\/v2\/media?parent=4081"}],"curies":[{"name":"wp","href":"https:\/\/api.w.org\/{rel}","templated":true}]}}