{"id":4075,"date":"2026-02-14T18:11:31","date_gmt":"2026-02-14T18:11:31","guid":{"rendered":"https:\/\/milo-apartments.com\/?page_id=4075"},"modified":"2026-02-14T18:14:14","modified_gmt":"2026-02-14T18:14:14","slug":"krakow-dawna-stolica-polski","status":"publish","type":"page","link":"https:\/\/milo-apartments.com\/index.php\/krakow-dawna-stolica-polski\/","title":{"rendered":"Krak\u00f3w &#8211; dawna stolica Polski"},"content":{"rendered":"\t\t<div data-elementor-type=\"wp-page\" data-elementor-id=\"4075\" class=\"elementor elementor-4075\">\n\t\t\t\t<div class=\"elementor-element elementor-element-252bf5d6 e-flex e-con-boxed e-con e-parent\" data-id=\"252bf5d6\" data-element_type=\"container\" data-e-type=\"container\">\n\t\t\t\t\t<div class=\"e-con-inner\">\n\t\t\t\t<div class=\"elementor-element elementor-element-575edfb4 elementor-widget elementor-widget-text-editor\" data-id=\"575edfb4\" data-element_type=\"widget\" data-e-type=\"widget\" data-widget_type=\"text-editor.default\">\n\t\t\t\t\t\t\t\t\t<h2 class=\"wp-block-heading\"><span id=\"Co_zobaczyc_w_Krakowie_Jakie_atrakcje_warto_odwiedzic\">Co zobaczy\u0107 w Krakowie? Jakie atrakcje warto odwiedzi\u0107?<\/span><\/h2><p>Atrakcji w Krakowie jest mn\u00f3stwo, to jedno z tych miast, kt\u00f3re mo\u017cna zwiedza\u0107 bez ko\u0144ca. To tu znajdziesz\u00a0<strong>Ko\u015bci\u00f3\u0142 Mariacki, Wawel oraz Sukiennice, Muzeum Narodowe, Barbakan, Kopiec Ko\u015bciuszki.<\/strong>\u00a0Postaram si\u0119 opisa\u0107 cz\u0119\u015b\u0107 atrakcji, tak \u017ceby\u015bcie mogli pozna\u0107 kilka historii i ciekawostek o atrakcjach turystycznych Krakowa. Na pierwszy rzut: Stare Miasto w Krakowie.<\/p><div class=\"code-block code-block-3\">\u00a0<\/div><h2 class=\"wp-block-heading\"><span id=\"Stare_Miasto_w_Krakowie\">Stare Miasto w Krakowie<\/span><\/h2><p>W Krakowie znajdziesz wiele zabytk\u00f3w. Na szczeg\u00f3lna uwag\u0119 zas\u0142uguje Stare Miasto, kt\u00f3re jest wpisane na list\u0119 \u015bwiatowego dziedzictwa UNESCO i jest pe\u0142ne urokliwych kamieniczek. Co ciekawe,\u00a0<strong>Stare Miasto w Krakowie, zosta\u0142o wpisane na list\u0119 UNESCO jako jedno z pierwszych 12 obiekt\u00f3w na \u015bwiecie<\/strong>, w 1978 roku!<\/p><p>Odwiedzenie Starego Miasta jest obowi\u0105zkowe. To prawdziwa gratka dla mi\u0142o\u015bnik\u00f3w zabytk\u00f3w i architektury. Na Starym Mie\u015bcie mo\u017cna podziwia\u0107 wiele pi\u0119knych kamienic, uliczek i plac\u00f3w. Mo\u017cecie zwiedzi\u0107 liczne muzea i ko\u015bcio\u0142y, takie jak Ko\u015bci\u00f3\u0142 \u015bw. Anny (kolegiata) czy Ko\u015bci\u00f3\u0142 \u015bw. Piotra i Paw\u0142a.<\/p><p>Stare Miasto jest te\u017c miejscem, gdzie mo\u017cna poczu\u0107 prawdziwy klimat Krakowa, a jego urokliwe kawiarnie i restauracje s\u0105 idealnym miejscem na relaks i degustacj\u0119 tradycyjnej kuchni polskiej. O kuchni w Krakowie pisz\u0119 na samym ko\u0144cu \ud83d\ude0a<\/p><figure class=\"wp-block-gallery has-nested-images columns-default is-cropped wp-block-gallery-1 is-layout-flex wp-block-gallery-is-layout-flex\"><figure class=\"wp-block-image size-large\"><\/figure><figure class=\"wp-block-image size-large\"><a href=\"https:\/\/wposzukiwaniu.pl\/wp-content\/uploads\/2023\/02\/stare-miasto-krakow-4.jpg\" target=\"_self\" data-wpel-link=\"internal\"><img fetchpriority=\"high\" decoding=\"async\" class=\"wp-image-22978 entered litespeed-loaded\" src=\"https:\/\/wposzukiwaniu.pl\/wp-content\/uploads\/2023\/02\/stare-miasto-krakow-4.jpg\" sizes=\"(max-width: 1000px) 100vw, 1000px\" srcset=\"https:\/\/wposzukiwaniu.pl\/wp-content\/uploads\/2023\/02\/stare-miasto-krakow-4.jpg 1000w, https:\/\/wposzukiwaniu.pl\/wp-content\/uploads\/2023\/02\/stare-miasto-krakow-4-768x1152.jpg 768w, https:\/\/wposzukiwaniu.pl\/wp-content\/uploads\/2023\/02\/stare-miasto-krakow-4-683x1024.jpg 683w, https:\/\/wposzukiwaniu.pl\/wp-content\/uploads\/2023\/02\/stare-miasto-krakow-4-696x1044.jpg 696w\" alt=\"Stare miasto\" width=\"1000\" height=\"1500\" data-lazyloaded=\"1\" data-id=\"22978\" data-src=\"https:\/\/wposzukiwaniu.pl\/wp-content\/uploads\/2023\/02\/stare-miasto-krakow-4.jpg\" data-srcset=\"https:\/\/wposzukiwaniu.pl\/wp-content\/uploads\/2023\/02\/stare-miasto-krakow-4.jpg 1000w, https:\/\/wposzukiwaniu.pl\/wp-content\/uploads\/2023\/02\/stare-miasto-krakow-4-768x1152.jpg 768w, https:\/\/wposzukiwaniu.pl\/wp-content\/uploads\/2023\/02\/stare-miasto-krakow-4-683x1024.jpg 683w, https:\/\/wposzukiwaniu.pl\/wp-content\/uploads\/2023\/02\/stare-miasto-krakow-4-696x1044.jpg 696w\" data-sizes=\"(max-width: 1000px) 100vw, 1000px\" data-ll-status=\"loaded\" \/><\/a><\/figure><\/figure><figure class=\"wp-block-gallery has-nested-images columns-1 is-cropped wp-block-gallery-2 is-layout-flex wp-block-gallery-is-layout-flex\"><figure class=\"wp-block-image size-large\"><a href=\"https:\/\/wposzukiwaniu.pl\/wp-content\/uploads\/2023\/02\/stare-miasto-krakow-6.jpg\" target=\"_self\" data-wpel-link=\"internal\"><img decoding=\"async\" class=\"wp-image-22979 entered litespeed-loaded\" src=\"https:\/\/wposzukiwaniu.pl\/wp-content\/uploads\/2023\/02\/stare-miasto-krakow-6.jpg\" sizes=\"(max-width: 1500px) 100vw, 1500px\" srcset=\"https:\/\/wposzukiwaniu.pl\/wp-content\/uploads\/2023\/02\/stare-miasto-krakow-6.jpg 1500w, https:\/\/wposzukiwaniu.pl\/wp-content\/uploads\/2023\/02\/stare-miasto-krakow-6-768x512.jpg 768w, https:\/\/wposzukiwaniu.pl\/wp-content\/uploads\/2023\/02\/stare-miasto-krakow-6-1024x683.jpg 1024w, https:\/\/wposzukiwaniu.pl\/wp-content\/uploads\/2023\/02\/stare-miasto-krakow-6-696x464.jpg 696w\" alt=\"Stare miasto\" width=\"1500\" height=\"1000\" data-lazyloaded=\"1\" data-id=\"22979\" data-src=\"https:\/\/wposzukiwaniu.pl\/wp-content\/uploads\/2023\/02\/stare-miasto-krakow-6.jpg\" data-srcset=\"https:\/\/wposzukiwaniu.pl\/wp-content\/uploads\/2023\/02\/stare-miasto-krakow-6.jpg 1500w, https:\/\/wposzukiwaniu.pl\/wp-content\/uploads\/2023\/02\/stare-miasto-krakow-6-768x512.jpg 768w, https:\/\/wposzukiwaniu.pl\/wp-content\/uploads\/2023\/02\/stare-miasto-krakow-6-1024x683.jpg 1024w, https:\/\/wposzukiwaniu.pl\/wp-content\/uploads\/2023\/02\/stare-miasto-krakow-6-696x464.jpg 696w\" data-sizes=\"(max-width: 1500px) 100vw, 1500px\" data-ll-status=\"loaded\" \/><\/a><\/figure><figure class=\"wp-block-image size-large\"><a href=\"https:\/\/wposzukiwaniu.pl\/wp-content\/uploads\/2023\/02\/stare-miasto-krakow-2.jpg\" target=\"_self\" data-wpel-link=\"internal\"><img decoding=\"async\" class=\"wp-image-22977 entered litespeed-loaded\" src=\"https:\/\/wposzukiwaniu.pl\/wp-content\/uploads\/2023\/02\/stare-miasto-krakow-2.jpg\" sizes=\"(max-width: 1500px) 100vw, 1500px\" srcset=\"https:\/\/wposzukiwaniu.pl\/wp-content\/uploads\/2023\/02\/stare-miasto-krakow-2.jpg 1500w, https:\/\/wposzukiwaniu.pl\/wp-content\/uploads\/2023\/02\/stare-miasto-krakow-2-768x512.jpg 768w, https:\/\/wposzukiwaniu.pl\/wp-content\/uploads\/2023\/02\/stare-miasto-krakow-2-1024x683.jpg 1024w, https:\/\/wposzukiwaniu.pl\/wp-content\/uploads\/2023\/02\/stare-miasto-krakow-2-696x464.jpg 696w\" alt=\"Stare miasto\" width=\"1500\" height=\"1000\" data-lazyloaded=\"1\" data-id=\"22977\" data-src=\"https:\/\/wposzukiwaniu.pl\/wp-content\/uploads\/2023\/02\/stare-miasto-krakow-2.jpg\" data-srcset=\"https:\/\/wposzukiwaniu.pl\/wp-content\/uploads\/2023\/02\/stare-miasto-krakow-2.jpg 1500w, https:\/\/wposzukiwaniu.pl\/wp-content\/uploads\/2023\/02\/stare-miasto-krakow-2-768x512.jpg 768w, https:\/\/wposzukiwaniu.pl\/wp-content\/uploads\/2023\/02\/stare-miasto-krakow-2-1024x683.jpg 1024w, https:\/\/wposzukiwaniu.pl\/wp-content\/uploads\/2023\/02\/stare-miasto-krakow-2-696x464.jpg 696w\" data-sizes=\"(max-width: 1500px) 100vw, 1500px\" data-ll-status=\"loaded\" \/><\/a><\/figure><\/figure><h2 class=\"wp-block-heading\"><span id=\"Rynek_w_Krakowie\">Rynek w Krakowie<\/span><\/h2><p>Moje pierwsze skojarzenie z Krakowem? Go\u0142\u0119bie! Moje zdj\u0119cia z dzieci\u0144stwa, kt\u00f3re by\u0142y zrobione w Krakowie zawieraj\u0105 ten go\u0142\u0119biowy element. Rzecz jasna, Rynek w Krakowie to co\u015b wi\u0119cej ni\u017c wielka ilo\u015b\u0107 ptak\u00f3w.<\/p><p>Rynek w Krakowie to serce miasta i jedno z najwi\u0119kszych i najpi\u0119kniejszych rynk\u00f3w \u015bredniowiecznych w Europie. Ma kszta\u0142t kwadratu 200 \u00d7 200 metr\u00f3w. Znajduje si\u0119 tam wiele zabytk\u00f3w m.in.\u00a0<strong>ko\u015bci\u00f3\u0142 Mariacki, Sukiennice, Pomnik Adama Mickiewicza czy ko\u015bci\u00f3\u0142 \u015bw. Wojciecha.<\/strong>\u00a0Rynek i wymienione miejsca s\u0105 jednymi z najbardziej rozpoznawalnych symboli Krakowa.<\/p><p>W ci\u0105gu dnia na Rynku w Krakowie mo\u017cna spotka\u0107 sprzedawc\u00f3w i artyst\u00f3w ulicznych. Natomiast wieczorem Rynek w Krakowie staje si\u0119 miejscem spotka\u0144. Poza tym, Rynek jest otoczony kolorowymi kamienicami, kt\u00f3re s\u0105 obecnie wynajmowane jako sklepy, restauracje i kawiarnie.<\/p><figure class=\"wp-block-gallery has-nested-images columns-2 is-cropped wp-block-gallery-3 is-layout-flex wp-block-gallery-is-layout-flex\"><figure class=\"wp-block-image size-large\"><a href=\"https:\/\/wposzukiwaniu.pl\/wp-content\/uploads\/2023\/02\/kosciol-mariacki-3.jpg\" target=\"_self\" data-wpel-link=\"internal\"><img loading=\"lazy\" decoding=\"async\" class=\"wp-image-22980 entered litespeed-loaded\" src=\"https:\/\/wposzukiwaniu.pl\/wp-content\/uploads\/2023\/02\/kosciol-mariacki-3.jpg\" sizes=\"(max-width: 1125px) 100vw, 1125px\" srcset=\"https:\/\/wposzukiwaniu.pl\/wp-content\/uploads\/2023\/02\/kosciol-mariacki-3.jpg 1125w, https:\/\/wposzukiwaniu.pl\/wp-content\/uploads\/2023\/02\/kosciol-mariacki-3-768x1024.jpg 768w, https:\/\/wposzukiwaniu.pl\/wp-content\/uploads\/2023\/02\/kosciol-mariacki-3-696x928.jpg 696w\" alt=\"Rynek w Krakowie\" width=\"1125\" height=\"1500\" data-lazyloaded=\"1\" data-id=\"22980\" data-src=\"https:\/\/wposzukiwaniu.pl\/wp-content\/uploads\/2023\/02\/kosciol-mariacki-3.jpg\" data-srcset=\"https:\/\/wposzukiwaniu.pl\/wp-content\/uploads\/2023\/02\/kosciol-mariacki-3.jpg 1125w, https:\/\/wposzukiwaniu.pl\/wp-content\/uploads\/2023\/02\/kosciol-mariacki-3-768x1024.jpg 768w, https:\/\/wposzukiwaniu.pl\/wp-content\/uploads\/2023\/02\/kosciol-mariacki-3-696x928.jpg 696w\" data-sizes=\"(max-width: 1125px) 100vw, 1125px\" data-ll-status=\"loaded\" \/><\/a><\/figure><figure class=\"wp-block-image size-large\"><a href=\"https:\/\/wposzukiwaniu.pl\/wp-content\/uploads\/2023\/02\/krakow-rynek-golebie.jpg\" target=\"_self\" data-wpel-link=\"internal\"><img loading=\"lazy\" decoding=\"async\" class=\"wp-image-22981 entered litespeed-loaded\" src=\"https:\/\/wposzukiwaniu.pl\/wp-content\/uploads\/2023\/02\/krakow-rynek-golebie.jpg\" sizes=\"(max-width: 1000px) 100vw, 1000px\" srcset=\"https:\/\/wposzukiwaniu.pl\/wp-content\/uploads\/2023\/02\/krakow-rynek-golebie.jpg 1000w, https:\/\/wposzukiwaniu.pl\/wp-content\/uploads\/2023\/02\/krakow-rynek-golebie-768x1152.jpg 768w, https:\/\/wposzukiwaniu.pl\/wp-content\/uploads\/2023\/02\/krakow-rynek-golebie-683x1024.jpg 683w, https:\/\/wposzukiwaniu.pl\/wp-content\/uploads\/2023\/02\/krakow-rynek-golebie-696x1044.jpg 696w\" alt=\"Rynek w Krakowie\" width=\"1000\" height=\"1500\" data-lazyloaded=\"1\" data-id=\"22981\" data-src=\"https:\/\/wposzukiwaniu.pl\/wp-content\/uploads\/2023\/02\/krakow-rynek-golebie.jpg\" data-srcset=\"https:\/\/wposzukiwaniu.pl\/wp-content\/uploads\/2023\/02\/krakow-rynek-golebie.jpg 1000w, https:\/\/wposzukiwaniu.pl\/wp-content\/uploads\/2023\/02\/krakow-rynek-golebie-768x1152.jpg 768w, https:\/\/wposzukiwaniu.pl\/wp-content\/uploads\/2023\/02\/krakow-rynek-golebie-683x1024.jpg 683w, https:\/\/wposzukiwaniu.pl\/wp-content\/uploads\/2023\/02\/krakow-rynek-golebie-696x1044.jpg 696w\" data-sizes=\"(max-width: 1000px) 100vw, 1000px\" data-ll-status=\"loaded\" \/><\/a><\/figure><figure class=\"wp-block-image size-large\"><a href=\"https:\/\/wposzukiwaniu.pl\/wp-content\/uploads\/2023\/02\/rynek-w-krakowie-2.jpg\" target=\"_self\" data-wpel-link=\"internal\"><img loading=\"lazy\" decoding=\"async\" class=\"wp-image-22982 entered litespeed-loaded\" src=\"https:\/\/wposzukiwaniu.pl\/wp-content\/uploads\/2023\/02\/rynek-w-krakowie-2.jpg\" sizes=\"(max-width: 1500px) 100vw, 1500px\" srcset=\"https:\/\/wposzukiwaniu.pl\/wp-content\/uploads\/2023\/02\/rynek-w-krakowie-2.jpg 1500w, https:\/\/wposzukiwaniu.pl\/wp-content\/uploads\/2023\/02\/rynek-w-krakowie-2-80x60.jpg 80w, https:\/\/wposzukiwaniu.pl\/wp-content\/uploads\/2023\/02\/rynek-w-krakowie-2-768x576.jpg 768w, https:\/\/wposzukiwaniu.pl\/wp-content\/uploads\/2023\/02\/rynek-w-krakowie-2-1024x768.jpg 1024w, https:\/\/wposzukiwaniu.pl\/wp-content\/uploads\/2023\/02\/rynek-w-krakowie-2-696x522.jpg 696w\" alt=\"Rynek w Krakowie\" width=\"1500\" height=\"1125\" data-lazyloaded=\"1\" data-id=\"22982\" data-src=\"https:\/\/wposzukiwaniu.pl\/wp-content\/uploads\/2023\/02\/rynek-w-krakowie-2.jpg\" data-srcset=\"https:\/\/wposzukiwaniu.pl\/wp-content\/uploads\/2023\/02\/rynek-w-krakowie-2.jpg 1500w, https:\/\/wposzukiwaniu.pl\/wp-content\/uploads\/2023\/02\/rynek-w-krakowie-2-80x60.jpg 80w, https:\/\/wposzukiwaniu.pl\/wp-content\/uploads\/2023\/02\/rynek-w-krakowie-2-768x576.jpg 768w, https:\/\/wposzukiwaniu.pl\/wp-content\/uploads\/2023\/02\/rynek-w-krakowie-2-1024x768.jpg 1024w, https:\/\/wposzukiwaniu.pl\/wp-content\/uploads\/2023\/02\/rynek-w-krakowie-2-696x522.jpg 696w\" data-sizes=\"(max-width: 1500px) 100vw, 1500px\" data-ll-status=\"loaded\" \/><\/a><\/figure><\/figure><div class=\"code-block code-block-3\">\u00a0<\/div><h2 class=\"wp-block-heading\"><span id=\"Klimatyczny_Kazimierz_w_Krakowie\">Klimatyczny Kazimierz w Krakowie<\/span><\/h2><p>Kazimierz w Krakowie jest jedn\u0105 z najbardziej fascynuj\u0105cych dzielnic w mie\u015bcie. Miejscem pe\u0142nym historii i przede wszystkim \u017cydowskiej kultury. To tutaj znajdziesz wiele synagog i urokliwych kamieniczek, kt\u00f3re tworz\u0105 unikalny klimat tej cz\u0119\u015bci miasta. Ta dzielnica Krakowa by\u0142a niegdy\u015b jedn\u0105 z najwa\u017cniejszych spo\u0142eczno\u015bci \u017cydowskich w Europie i do dzi\u015b zachowuje sw\u00f3j wyj\u0105tkowy charakter. Odwiedzaj\u0105cy mog\u0105 zwiedza\u0107 brukowane uliczki z kamienicami, odwiedza\u0107 zabytkowe synagogi i skosztowa\u0107 tradycyjnej kuchni \u017cydowskiej, poznaj\u0105c t\u0119 fascynuj\u0105c\u0105 cz\u0119\u015b\u0107 historii Krakowa.<\/p><p>Kazimierz jest r\u00f3wnie\u017c miejscem, gdzie mo\u017cna poczu\u0107 artystyczn\u0105 atmosfer\u0119 Krakowa, a jego uliczki zach\u0119caj\u0105 do spacer\u00f3w i odkrywania tutejszej historii.<\/p><figure class=\"wp-block-gallery has-nested-images columns-2 is-cropped wp-block-gallery-4 is-layout-flex wp-block-gallery-is-layout-flex\"><figure class=\"wp-block-image size-large\"><\/figure><figure class=\"wp-block-image size-large\"><a href=\"https:\/\/wposzukiwaniu.pl\/wp-content\/uploads\/2023\/02\/kazimierz-krakow-10.jpg\" target=\"_self\" data-wpel-link=\"internal\"><img loading=\"lazy\" decoding=\"async\" class=\"wp-image-22983 entered litespeed-loaded\" src=\"https:\/\/wposzukiwaniu.pl\/wp-content\/uploads\/2023\/02\/kazimierz-krakow-10.jpg\" sizes=\"(max-width: 1000px) 100vw, 1000px\" srcset=\"https:\/\/wposzukiwaniu.pl\/wp-content\/uploads\/2023\/02\/kazimierz-krakow-10.jpg 1000w, https:\/\/wposzukiwaniu.pl\/wp-content\/uploads\/2023\/02\/kazimierz-krakow-10-768x1152.jpg 768w, https:\/\/wposzukiwaniu.pl\/wp-content\/uploads\/2023\/02\/kazimierz-krakow-10-683x1024.jpg 683w, https:\/\/wposzukiwaniu.pl\/wp-content\/uploads\/2023\/02\/kazimierz-krakow-10-696x1044.jpg 696w\" alt=\"Kazimierz\" width=\"1000\" height=\"1500\" data-lazyloaded=\"1\" data-id=\"22983\" data-src=\"https:\/\/wposzukiwaniu.pl\/wp-content\/uploads\/2023\/02\/kazimierz-krakow-10.jpg\" data-srcset=\"https:\/\/wposzukiwaniu.pl\/wp-content\/uploads\/2023\/02\/kazimierz-krakow-10.jpg 1000w, https:\/\/wposzukiwaniu.pl\/wp-content\/uploads\/2023\/02\/kazimierz-krakow-10-768x1152.jpg 768w, https:\/\/wposzukiwaniu.pl\/wp-content\/uploads\/2023\/02\/kazimierz-krakow-10-683x1024.jpg 683w, https:\/\/wposzukiwaniu.pl\/wp-content\/uploads\/2023\/02\/kazimierz-krakow-10-696x1044.jpg 696w\" data-sizes=\"(max-width: 1000px) 100vw, 1000px\" data-ll-status=\"loaded\" \/><\/a><\/figure><figure class=\"wp-block-image size-large\"><a href=\"https:\/\/wposzukiwaniu.pl\/wp-content\/uploads\/2023\/02\/kazimierz-krakow-3.jpg\" target=\"_self\" data-wpel-link=\"internal\"><img loading=\"lazy\" decoding=\"async\" class=\"wp-image-22985 entered litespeed-loaded\" src=\"https:\/\/wposzukiwaniu.pl\/wp-content\/uploads\/2023\/02\/kazimierz-krakow-3.jpg\" sizes=\"(max-width: 1000px) 100vw, 1000px\" srcset=\"https:\/\/wposzukiwaniu.pl\/wp-content\/uploads\/2023\/02\/kazimierz-krakow-3.jpg 1000w, https:\/\/wposzukiwaniu.pl\/wp-content\/uploads\/2023\/02\/kazimierz-krakow-3-768x1152.jpg 768w, https:\/\/wposzukiwaniu.pl\/wp-content\/uploads\/2023\/02\/kazimierz-krakow-3-683x1024.jpg 683w, https:\/\/wposzukiwaniu.pl\/wp-content\/uploads\/2023\/02\/kazimierz-krakow-3-696x1044.jpg 696w\" alt=\"Kazimierz\" width=\"1000\" height=\"1500\" data-lazyloaded=\"1\" data-id=\"22985\" data-src=\"https:\/\/wposzukiwaniu.pl\/wp-content\/uploads\/2023\/02\/kazimierz-krakow-3.jpg\" data-srcset=\"https:\/\/wposzukiwaniu.pl\/wp-content\/uploads\/2023\/02\/kazimierz-krakow-3.jpg 1000w, https:\/\/wposzukiwaniu.pl\/wp-content\/uploads\/2023\/02\/kazimierz-krakow-3-768x1152.jpg 768w, https:\/\/wposzukiwaniu.pl\/wp-content\/uploads\/2023\/02\/kazimierz-krakow-3-683x1024.jpg 683w, https:\/\/wposzukiwaniu.pl\/wp-content\/uploads\/2023\/02\/kazimierz-krakow-3-696x1044.jpg 696w\" data-sizes=\"(max-width: 1000px) 100vw, 1000px\" data-ll-status=\"loaded\" \/><\/a><\/figure><figure class=\"wp-block-image size-large\"><a href=\"https:\/\/wposzukiwaniu.pl\/wp-content\/uploads\/2023\/02\/kazimierz-krakow-1.jpg\" target=\"_self\" data-wpel-link=\"internal\"><img loading=\"lazy\" decoding=\"async\" class=\"wp-image-22984 entered litespeed-loaded\" src=\"https:\/\/wposzukiwaniu.pl\/wp-content\/uploads\/2023\/02\/kazimierz-krakow-1.jpg\" sizes=\"(max-width: 1000px) 100vw, 1000px\" srcset=\"https:\/\/wposzukiwaniu.pl\/wp-content\/uploads\/2023\/02\/kazimierz-krakow-1.jpg 1000w, https:\/\/wposzukiwaniu.pl\/wp-content\/uploads\/2023\/02\/kazimierz-krakow-1-768x1152.jpg 768w, https:\/\/wposzukiwaniu.pl\/wp-content\/uploads\/2023\/02\/kazimierz-krakow-1-683x1024.jpg 683w, https:\/\/wposzukiwaniu.pl\/wp-content\/uploads\/2023\/02\/kazimierz-krakow-1-696x1044.jpg 696w\" alt=\"Kazimierz\" width=\"1000\" height=\"1500\" data-lazyloaded=\"1\" data-id=\"22984\" data-src=\"https:\/\/wposzukiwaniu.pl\/wp-content\/uploads\/2023\/02\/kazimierz-krakow-1.jpg\" data-srcset=\"https:\/\/wposzukiwaniu.pl\/wp-content\/uploads\/2023\/02\/kazimierz-krakow-1.jpg 1000w, https:\/\/wposzukiwaniu.pl\/wp-content\/uploads\/2023\/02\/kazimierz-krakow-1-768x1152.jpg 768w, https:\/\/wposzukiwaniu.pl\/wp-content\/uploads\/2023\/02\/kazimierz-krakow-1-683x1024.jpg 683w, https:\/\/wposzukiwaniu.pl\/wp-content\/uploads\/2023\/02\/kazimierz-krakow-1-696x1044.jpg 696w\" data-sizes=\"(max-width: 1000px) 100vw, 1000px\" data-ll-status=\"loaded\" \/><\/a><\/figure><\/figure><figure class=\"wp-block-gallery has-nested-images columns-1 is-cropped wp-block-gallery-5 is-layout-flex wp-block-gallery-is-layout-flex\"><figure class=\"wp-block-image size-large\"><\/figure><figure class=\"wp-block-image size-large\"><a href=\"https:\/\/wposzukiwaniu.pl\/wp-content\/uploads\/2023\/02\/kazimierz-krakow-2.jpg\" target=\"_self\" data-wpel-link=\"internal\"><img loading=\"lazy\" decoding=\"async\" class=\"wp-image-22987 entered litespeed-loaded\" src=\"https:\/\/wposzukiwaniu.pl\/wp-content\/uploads\/2023\/02\/kazimierz-krakow-2.jpg\" sizes=\"(max-width: 1500px) 100vw, 1500px\" srcset=\"https:\/\/wposzukiwaniu.pl\/wp-content\/uploads\/2023\/02\/kazimierz-krakow-2.jpg 1500w, https:\/\/wposzukiwaniu.pl\/wp-content\/uploads\/2023\/02\/kazimierz-krakow-2-768x512.jpg 768w, https:\/\/wposzukiwaniu.pl\/wp-content\/uploads\/2023\/02\/kazimierz-krakow-2-1024x683.jpg 1024w, https:\/\/wposzukiwaniu.pl\/wp-content\/uploads\/2023\/02\/kazimierz-krakow-2-696x464.jpg 696w\" alt=\"Kazimierz\" width=\"1500\" height=\"1000\" data-lazyloaded=\"1\" data-id=\"22987\" data-src=\"https:\/\/wposzukiwaniu.pl\/wp-content\/uploads\/2023\/02\/kazimierz-krakow-2.jpg\" data-srcset=\"https:\/\/wposzukiwaniu.pl\/wp-content\/uploads\/2023\/02\/kazimierz-krakow-2.jpg 1500w, https:\/\/wposzukiwaniu.pl\/wp-content\/uploads\/2023\/02\/kazimierz-krakow-2-768x512.jpg 768w, https:\/\/wposzukiwaniu.pl\/wp-content\/uploads\/2023\/02\/kazimierz-krakow-2-1024x683.jpg 1024w, https:\/\/wposzukiwaniu.pl\/wp-content\/uploads\/2023\/02\/kazimierz-krakow-2-696x464.jpg 696w\" data-sizes=\"(max-width: 1500px) 100vw, 1500px\" data-ll-status=\"loaded\" \/><\/a><\/figure><\/figure><figure class=\"wp-block-gallery has-nested-images columns-2 is-cropped wp-block-gallery-8 is-layout-flex wp-block-gallery-is-layout-flex\"><\/figure><p><!-- \/wp:paragraph --><\/p>\t\t\t\t\t\t\t\t<\/div>\n\t\t\t\t\t<\/div>\n\t\t\t\t<\/div>\n\t\t\t\t<\/div>\n\t\t","protected":false},"excerpt":{"rendered":"<p>Co zobaczy\u0107 w Krakowie? Jakie atrakcje warto odwiedzi\u0107? Atrakcji w Krakowie jest mn\u00f3stwo, to jedno z tych miast, kt\u00f3re mo\u017cna zwiedza\u0107 bez ko\u0144ca. To tu znajdziesz\u00a0Ko\u015bci\u00f3\u0142 Mariacki, Wawel oraz Sukiennice, Muzeum Narodowe, Barbakan, Kopiec Ko\u015bciuszki.\u00a0Postaram si\u0119 opisa\u0107 cz\u0119\u015b\u0107 atrakcji, tak \u017ceby\u015bcie mogli pozna\u0107 kilka historii i ciekawostek o atrakcjach turystycznych Krakowa. Na pierwszy rzut: Stare [&hellip;]<\/p>\n","protected":false},"author":1,"featured_media":0,"parent":0,"menu_order":0,"comment_status":"closed","ping_status":"closed","template":"","meta":{"footnotes":""},"class_list":["post-4075","page","type-page","status-publish","hentry"],"_links":{"self":[{"href":"https:\/\/milo-apartments.com\/index.php\/wp-json\/wp\/v2\/pages\/4075","targetHints":{"allow":["GET"]}}],"collection":[{"href":"https:\/\/milo-apartments.com\/index.php\/wp-json\/wp\/v2\/pages"}],"about":[{"href":"https:\/\/milo-apartments.com\/index.php\/wp-json\/wp\/v2\/types\/page"}],"author":[{"embeddable":true,"href":"https:\/\/milo-apartments.com\/index.php\/wp-json\/wp\/v2\/users\/1"}],"replies":[{"embeddable":true,"href":"https:\/\/milo-apartments.com\/index.php\/wp-json\/wp\/v2\/comments?post=4075"}],"version-history":[{"count":5,"href":"https:\/\/milo-apartments.com\/index.php\/wp-json\/wp\/v2\/pages\/4075\/revisions"}],"predecessor-version":[{"id":4099,"href":"https:\/\/milo-apartments.com\/index.php\/wp-json\/wp\/v2\/pages\/4075\/revisions\/4099"}],"wp:attachment":[{"href":"https:\/\/milo-apartments.com\/index.php\/wp-json\/wp\/v2\/media?parent=4075"}],"curies":[{"name":"wp","href":"https:\/\/api.w.org\/{rel}","templated":true}]}}